{"id":40,"date":"2023-02-08T18:28:44","date_gmt":"2023-02-08T18:28:44","guid":{"rendered":"http:\/\/www.sag-nein.ch\/?page_id=40"},"modified":"2024-02-01T11:58:48","modified_gmt":"2024-02-01T11:58:48","slug":"reiden-sag-nein","status":"publish","type":"page","link":"https:\/\/www.sag-nein.ch\/","title":{"rendered":"Reiden SAG nein"},"content":{"rendered":"<div class=\"wp-block-image\">\n<figure class=\"aligncenter size-large\"><img loading=\"lazy\" decoding=\"async\" width=\"1024\" height=\"563\" src=\"http:\/\/www.sag-nein.ch\/wp-content\/uploads\/2023\/02\/sag-nein_kosten-1024x563.jpg\" alt=\"\" class=\"wp-image-45\" srcset=\"https:\/\/www.sag-nein.ch\/wp-content\/uploads\/2023\/02\/sag-nein_kosten-1024x563.jpg 1024w, https:\/\/www.sag-nein.ch\/wp-content\/uploads\/2023\/02\/sag-nein_kosten-300x165.jpg 300w, https:\/\/www.sag-nein.ch\/wp-content\/uploads\/2023\/02\/sag-nein_kosten-768x422.jpg 768w, https:\/\/www.sag-nein.ch\/wp-content\/uploads\/2023\/02\/sag-nein_kosten.jpg 1200w\" sizes=\"auto, (max-width: 1024px) 100vw, 1024px\" \/><\/figure>\n<\/div>\n\n\n<p><\/p>\n\n\n\n<h2 class=\"wp-block-heading\">Wachsam bleiben<\/h2>\n\n\n\n<p>Es ist bald mehr als ein Jahr her, seit Swisspor den R\u00fcckzug bekannt gab und ank\u00fcndigte, in einem anderen Kanton Fuss fassen zu wollen. Seither ist es verd\u00e4chtig still, wir sollten wachsam bleiben.<\/p>\n\n\n\n<p><strong>DENN:<\/strong> <strong>Zwischen Reiden und Wikon soll gem\u00e4ss Entwurf des kantonalen Richtplans ein industrielles Entwicklungsgebiet (ESP) entstehen und auch das SAG Reiden soll reaktiviert werden. Um dies zu erreichen, will der Kanton die Entscheidungshoheit. Das heisst, die B\u00fcrgerinnen und B\u00fcrger k\u00f6nnen nicht mehr bestimmen, was auf ihrem Land passiert.<\/strong><\/p>\n\n\n\n<p>Doch in der Schweizer Demokratie sollte die Bev\u00f6lkerung \u00fcber Entwicklungen abstimmen k\u00f6nnen. Vor allem wenn diese das Potential haben, die Lebensumst\u00e4nde fundamental und irreversibel zu ver\u00e4ndern. Ob idyllisches Dorf oder von Lastwagen \u00fcberrollte Verkehrsdrehscheibe &#8211; bei dieser Entwicklung wollen wir mitreden k\u00f6nnen. <\/p>\n\n\n\n<p>Gerade deshalb gilt es nun besonders auf der Hut zu sei. Sonst wird der (Alb)Traum &#8211; in Verbindung mit den Bem\u00fchungen des Kantons -, hier in Reiden via ESP die Federf\u00fchrung zu \u00fcbernehmen, schneller wahr als uns lieb ist.<\/p>\n\n\n\n<p>Das Komitee Reiden SAG nein wird sich auch zuk\u00fcnftig mit Themen befassen, die nachhaltig Einfluss auf die Wohnqualit\u00e4t in der Gemeinde Reiden haben. Es ist uns ein Anliegen, dass die Bev\u00f6lkerung sich dar\u00fcber umfassend informieren kann und Pro und Kontra aufgezeigt werden.<\/p>\n\n\n\n<p><\/p>\n\n\n\n<p><\/p>\n\n\n\n<h2 class=\"wp-block-heading\"><\/h2>\n\n\n\n<p><\/p>\n\n\n\n<p><\/p>\n\n\n\n<h2 class=\"wp-block-heading\">Kontakt<\/h2>\n\n\n\n<p>Komitee Reiden SAG nein<br>Pfaffnauerstrasse 14, 6260 Reiden<br>EG Reiden SAG nein<br>CH 69 0077 8219 5097 3200 1<\/p>\n\n\n\n<p>Info@sag-nein.ch<\/p>\n\n\n\n<p>Herzlichen Dank f\u00fcr Ihre Unterst\u00fctzung<\/p>\n","protected":false},"excerpt":{"rendered":"<p>Wachsam bleiben Es ist bald mehr als ein Jahr her, seit Swisspor den R\u00fcckzug bekannt gab und ank\u00fcndigte, in einem anderen Kanton Fuss fassen zu wollen. Seither ist es verd\u00e4chtig still, wir sollten wachsam bleiben. DENN: Zwischen Reiden und Wikon soll gem\u00e4ss Entwurf des kantonalen Richtplans ein industrielles Entwicklungsgebiet (ESP) entstehen und auch das SAG<\/p><\/div>\n<div class=\"blog-btn\"><a href=\"https:\/\/www.sag-nein.ch\/\" class=\"home-blog-btn\">Weiterlesen<\/a><\/p>\n","protected":false},"author":1,"featured_media":0,"parent":0,"menu_order":0,"comment_status":"closed","ping_status":"closed","template":"","meta":{"footnotes":""},"class_list":["post-40","page","type-page","status-publish","hentry"],"_links":{"self":[{"href":"https:\/\/www.sag-nein.ch\/index.php?rest_route=\/wp\/v2\/pages\/40","targetHints":{"allow":["GET"]}}],"collection":[{"href":"https:\/\/www.sag-nein.ch\/index.php?rest_route=\/wp\/v2\/pages"}],"about":[{"href":"https:\/\/www.sag-nein.ch\/index.php?rest_route=\/wp\/v2\/types\/page"}],"author":[{"embeddable":true,"href":"https:\/\/www.sag-nein.ch\/index.php?rest_route=\/wp\/v2\/users\/1"}],"replies":[{"embeddable":true,"href":"https:\/\/www.sag-nein.ch\/index.php?rest_route=%2Fwp%2Fv2%2Fcomments&post=40"}],"version-history":[{"count":22,"href":"https:\/\/www.sag-nein.ch\/index.php?rest_route=\/wp\/v2\/pages\/40\/revisions"}],"predecessor-version":[{"id":183,"href":"https:\/\/www.sag-nein.ch\/index.php?rest_route=\/wp\/v2\/pages\/40\/revisions\/183"}],"wp:attachment":[{"href":"https:\/\/www.sag-nein.ch\/index.php?rest_route=%2Fwp%2Fv2%2Fmedia&parent=40"}],"curies":[{"name":"wp","href":"https:\/\/api.w.org\/{rel}","templated":true}]}}